{"id":569,"date":"2014-09-18T19:45:38","date_gmt":"2014-09-18T17:45:38","guid":{"rendered":"http:\/\/psychose-seminar-elmshorn.de\/?page_id=569"},"modified":"2014-09-18T20:14:00","modified_gmt":"2014-09-18T18:14:00","slug":"trialogische-aktionswochen","status":"publish","type":"page","link":"https:\/\/psychose-seminar-elmshorn.de\/?page_id=569","title":{"rendered":"Trialogische Aktionswochen 2014"},"content":{"rendered":"<p>Im Herbst 2014 veranstalten die Br\u00fccke Elmshorn e. V. und die Br\u00fccke SH gGmbH dieses Jahr erstmalig gemeinsam zusammen mit weiteren Kooperationspartnern Trialogische Aktionswochen.<\/p>\n<p>Unter diesem Dach werden mehrere langj\u00e4hrig etablierte Veranstaltungsreihen thematisch geb\u00fcndelt: Die Seminarreihe \u201ePsychiatrische Welten Elmshorn\u201c (seit 2008 jeweils im Winter- und Sommersemester, in Zusammenarbeit mit der VHS Elmshorn), das Psychose-Seminar Elmshorn (ebenfalls 2008 gestartet, monatlich im Info-Treff des Flora-Gesundheitszentrums) und das Filmforum Elmshorn (seit 2010 2x j\u00e4hrlich, Partner ist hier das Saturn-Kino in Barmstedt). Neu hinzugekommen sind Fachveranstaltungen und eine Lesung.<\/p>\n<p>Das \u00fcbergeordnete Thema der trialogischen Aktionswochen ist in diesem Jahr \u201eAutismus(spektrumst\u00f6rung)\u201c (ASS). Die Fachwelt beschreibt Autismus als eine tiefgreifende Entwicklungsst\u00f6rung von Wahrnehmung und Informationsverarbeitung, die sich oftmals \u2013 in Abh\u00e4ngigkeit von Art und Schwere der Symptome \u2013 bereits im fr\u00fchesten Kindesalter zeigt und durch mehr oder weniger stark ausgepr\u00e4gte \u201eSchw\u00e4chen in sozialer Interaktion und Kommunikation sowie durch stereotype Verhaltensweisen und St\u00e4rken bei Wahrnehmung, Aufmerksamkeit, Ged\u00e4chtnis und Intelligenz\u201c<a href=\"#_ftn1\" name=\"_ftnref1\">[1]<\/a> gepr\u00e4gt ist. Das Spektrum reicht dabei von der Grenze zur Unauff\u00e4lligkeit bis hin zu schwerer geistiger Behinderung.<\/p>\n<p>Dahingegen ist das Bild der \u00d6ffentlichkeit \u00fcber Menschen mit Autismus weitestgehend gepr\u00e4gt von Darstellungen wie im Film \u201eRain man\u201c, dem am Asperger-Syndrom leidenden Anwalt Jerry Espenson aus der Fernsehserie \u201eBoston legal\u201c oder Klischees von z. B. sog. Inselbegabungen. Dar\u00fcber hinaus wissen die meisten Menschen wenig \u00fcber das St\u00f6rungsbild und die damit verbundenen Herausforderungen f\u00fcr davon betroffene Menschen und ihre Angeh\u00f6rigen.<\/p>\n<p>Vom 01.10. bis zum 11.11. wollen sich die Veranstalter in insgesamt 9 Veranstaltungen mit verschiedenen Aspekten dieser recht komplexen und umfangreichen Thematik auseinander setzen, und zwar gleicherma\u00dfen aus der Perspektive der davon betroffenen Menschen, aus der professionellen Perspektive derjenigen, die Menschen mit Autismusspektrumst\u00f6rungen begleiten und unterst\u00fctzen, und nat\u00fcrlich aus der Angeh\u00f6rigenperspektive \u2013 ganz trialogisch eben!<\/p>\n<p>Ein gro\u00dfer Block befasst sich mit dem Teilbereich \u201eAutismus(spektrumst\u00f6rung) im Kindes und Jugendalter\u201c (Veranstaltungen am 01.10., 07.10. und 09.10.). Im Vordergrund steht die Frage nach den Herausforderungen, die betroffene Kinder \/ Jugendliche und ihre Eltern zu meistern haben: Was bedeutet es, mit einem Kind mit Autismus(spektrumst\u00f6rung) zu leben? Wie mit der St\u00f6rung umgehen? Welche Hilfen und Bew\u00e4ltigungsstrategien gibt es?<\/p>\n<p>Ein zweiter thematischer Aspekt sind \u201eerwachsene Menschen mit Autismus(spektrumst\u00f6rung)\u201c (Veranstaltungen am 29.10., 31.10. und 04.11.). Dabei geht es vor allem um Schwierigkeiten im Miteinander und in der Alltagsbew\u00e4ltigung. Wie wirkt sich die St\u00f6rung aus? Was hei\u00dft es, mit Autismus zu leben? Gibt es geeignete Hilfen? \u00d6fter als man denken mag, erfolgt die Diagnose ASS auch erst sp\u00e4ter im Erwachsenenalter. Die Betroffenen haben dann zumeist schon eine lange Leidenszeit hinter sich, ohne \u00fcberhaupt zu wissen, was genau das Problem ist: Was es hei\u00dft, wenn die St\u00f6rung erst sp\u00e4t erkannt wird.<\/p>\n<p>Eine weitere Veranstaltung (am 06.11.) setzt sich mit den besonderen Schwierigkeiten auseinander, die Menschen mit Autismus(spektrumst\u00f6rung) \u00fcberwinden m\u00fcssen, wenn Sie am \u201eganz normalen\u201c Arbeitsleben teilhaben wollen. Welche speziellen Anforderungen m\u00fcssen Arbeitgeber f\u00fcr eine gelingende Teilhabe erf\u00fcllen? Wie lassen sich die H\u00fcrden \u00fcber Ausbildung \/ Studium in Richtung Berufsleben meistern und welche Hilfen gibt es auf diesem Weg?<\/p>\n<p>Die Zielgruppen aller Veranstaltungen dieser Reihe sind gleicherma\u00dfen und ausdr\u00fccklich im psychosozialen Bereich t\u00e4tige Fachkr\u00e4fte, Menschen mit Autismus, ihre Angeh\u00f6rigen und Freunde und interessierte B\u00fcrgerInnen.<\/p>\n<p>Die Veranstaltungsreihe \u201eTrialogische Aktionswochen 2014: Autismus\u201c wird finanziell von der Aktion Mensch gef\u00f6rdert.<\/p>\n<p><a href=\"#_ftnref1\" name=\"_ftn1\">[1]<\/a> Quelle: Wikipedia http:\/\/de.wikipedia.org\/wiki\/Autismus; abgerufen am 14.09.2014<\/p>\n","protected":false},"excerpt":{"rendered":"<p>Im Herbst 2014 veranstalten die Br\u00fccke Elmshorn e. V. und die Br\u00fccke SH gGmbH dieses Jahr erstmalig gemeinsam zusammen mit weiteren Kooperationspartnern Trialogische Aktionswochen. Unter diesem Dach werden mehrere langj\u00e4hrig etablierte Veranstaltungsreihen thematisch geb\u00fcndelt: Die Seminarreihe \u201ePsychiatrische Welten Elmshorn\u201c (seit &hellip; <a href=\"https:\/\/psychose-seminar-elmshorn.de\/?page_id=569\">Weiterlesen <span class=\"meta-nav\">&rarr;<\/span><\/a><\/p>\n","protected":false},"author":1,"featured_media":0,"parent":17,"menu_order":0,"comment_status":"closed","ping_status":"closed","template":"sidebar-page.php","meta":{"footnotes":""},"class_list":["post-569","page","type-page","status-publish","hentry"],"_links":{"self":[{"href":"https:\/\/psychose-seminar-elmshorn.de\/index.php?rest_route=\/wp\/v2\/pages\/569","targetHints":{"allow":["GET"]}}],"collection":[{"href":"https:\/\/psychose-seminar-elmshorn.de\/index.php?rest_route=\/wp\/v2\/pages"}],"about":[{"href":"https:\/\/psychose-seminar-elmshorn.de\/index.php?rest_route=\/wp\/v2\/types\/page"}],"author":[{"embeddable":true,"href":"https:\/\/psychose-seminar-elmshorn.de\/index.php?rest_route=\/wp\/v2\/users\/1"}],"replies":[{"embeddable":true,"href":"https:\/\/psychose-seminar-elmshorn.de\/index.php?rest_route=%2Fwp%2Fv2%2Fcomments&post=569"}],"version-history":[{"count":4,"href":"https:\/\/psychose-seminar-elmshorn.de\/index.php?rest_route=\/wp\/v2\/pages\/569\/revisions"}],"predecessor-version":[{"id":574,"href":"https:\/\/psychose-seminar-elmshorn.de\/index.php?rest_route=\/wp\/v2\/pages\/569\/revisions\/574"}],"up":[{"embeddable":true,"href":"https:\/\/psychose-seminar-elmshorn.de\/index.php?rest_route=\/wp\/v2\/pages\/17"}],"wp:attachment":[{"href":"https:\/\/psychose-seminar-elmshorn.de\/index.php?rest_route=%2Fwp%2Fv2%2Fmedia&parent=569"}],"curies":[{"name":"wp","href":"https:\/\/api.w.org\/{rel}","templated":true}]}}