{"id":54,"date":"2013-04-12T01:08:22","date_gmt":"2013-04-11T23:08:22","guid":{"rendered":"http:\/\/psychose-seminar-elmshorn.de\/?page_id=54"},"modified":"2017-09-03T18:20:51","modified_gmt":"2017-09-03T16:20:51","slug":"arbeitskreis-anti-stigma","status":"publish","type":"page","link":"https:\/\/psychose-seminar-elmshorn.de\/?page_id=54","title":{"rendered":"Arbeitskreis Anti-Stigma"},"content":{"rendered":"<p style=\"text-align: left;\" align=\"center\"><span style=\"text-decoration: underline;\">Ansprechpartner<\/span>: Kord Keller<\/p>\n<p>Dieser Arbeitskreis hat sich im Jahr 2012 auf Initiative der \u201eIrre-menschlich-Gruppe im Kreis Pinneberg\u201c\u00a0hin gebildet, um die verschiedensten Projekte zur Anti-Stigma-Arbeit in\u00a0der Region Elmshorn \/ Pinneberg miteinander zu vernetzen.<\/p>\n<p>In diesem AK sitzen inzwischen verschiedenste Tr\u00e4ger, Interessierte und Unterst\u00fctzer der gemeindenahen Sozialpsychiatrie. Es findet ein reger Austausch, Diskussion, Entwicklung und Unterst\u00fctzung statt, um das Thema der Stigmatisierung psychisch kranker Menschen\u00a0 in unserem direkten Umfeld zu ver\u00f6ffentlichen und so einen Beitrag zur Entstigmatisierung zu leisten.<\/p>\n<p>Verschiedenste Angebote wie das Psychose-Seminar, die Psychiatrischen Welten der VHS, das Filmforum, Vortr\u00e4ge der Br\u00fccke Elmshorn u. a. stehen hier nur beispielhaft f\u00fcr ein gutes Angebot in unserer Region. Dennoch sind wir bem\u00fcht, dieses stets zu verbessern und haben hierf\u00fcr ein Netzwerk aufgebaut mit dem AK, um alle Angebote zu b\u00fcndeln und sich gegenseitig zu unterst\u00fctzen!<\/p>\n<p>Der AK besteht aktuell aus Psychiatrie-Betroffenen und in diesem Arbeitsfeld t\u00e4tigen \u201eProfis\u201c.<\/p>\n<p>Weiterhin sind wir \u00a0interessiert daran, unseren AK trialogisch zu gestalten und diesen Kreis auch perspektivisch zu vergr\u00f6\u00dfern.<\/p>\n<p>Der AK trifft sich in regelm\u00e4\u00dfigen Abst\u00e4nden. Wenn Sie Interesse haben, daran mitzuwirken melden Sie sich bitte gern bei uns.\u00a0Kontaktm\u00f6glichkeiten finden Sie\u00a0<a title=\"Kontakt\" href=\"https:\/\/psychose-seminar-elmshorn.de\/?page_id=14\">-&gt; hier<\/a>.<\/p>\n<p>&nbsp;<\/p>\n<p>&nbsp;<\/p>\n","protected":false},"excerpt":{"rendered":"<p>Ansprechpartner: Kord Keller Dieser Arbeitskreis hat sich im Jahr 2012 auf Initiative der \u201eIrre-menschlich-Gruppe im Kreis Pinneberg\u201c\u00a0hin gebildet, um die verschiedensten Projekte zur Anti-Stigma-Arbeit in\u00a0der Region Elmshorn \/ Pinneberg miteinander zu vernetzen. In diesem AK sitzen inzwischen verschiedenste Tr\u00e4ger, Interessierte &hellip; <a href=\"https:\/\/psychose-seminar-elmshorn.de\/?page_id=54\">Weiterlesen <span class=\"meta-nav\">&rarr;<\/span><\/a><\/p>\n","protected":false},"author":1,"featured_media":0,"parent":17,"menu_order":0,"comment_status":"closed","ping_status":"open","template":"sidebar-page.php","meta":{"footnotes":""},"class_list":["post-54","page","type-page","status-publish","hentry"],"_links":{"self":[{"href":"https:\/\/psychose-seminar-elmshorn.de\/index.php?rest_route=\/wp\/v2\/pages\/54","targetHints":{"allow":["GET"]}}],"collection":[{"href":"https:\/\/psychose-seminar-elmshorn.de\/index.php?rest_route=\/wp\/v2\/pages"}],"about":[{"href":"https:\/\/psychose-seminar-elmshorn.de\/index.php?rest_route=\/wp\/v2\/types\/page"}],"author":[{"embeddable":true,"href":"https:\/\/psychose-seminar-elmshorn.de\/index.php?rest_route=\/wp\/v2\/users\/1"}],"replies":[{"embeddable":true,"href":"https:\/\/psychose-seminar-elmshorn.de\/index.php?rest_route=%2Fwp%2Fv2%2Fcomments&post=54"}],"version-history":[{"count":16,"href":"https:\/\/psychose-seminar-elmshorn.de\/index.php?rest_route=\/wp\/v2\/pages\/54\/revisions"}],"predecessor-version":[{"id":1163,"href":"https:\/\/psychose-seminar-elmshorn.de\/index.php?rest_route=\/wp\/v2\/pages\/54\/revisions\/1163"}],"up":[{"embeddable":true,"href":"https:\/\/psychose-seminar-elmshorn.de\/index.php?rest_route=\/wp\/v2\/pages\/17"}],"wp:attachment":[{"href":"https:\/\/psychose-seminar-elmshorn.de\/index.php?rest_route=%2Fwp%2Fv2%2Fmedia&parent=54"}],"curies":[{"name":"wp","href":"https:\/\/api.w.org\/{rel}","templated":true}]}}