{"id":51,"date":"2013-04-12T01:05:58","date_gmt":"2013-04-11T23:05:58","guid":{"rendered":"http:\/\/psychose-seminar-elmshorn.de\/?page_id=51"},"modified":"2017-09-03T18:19:45","modified_gmt":"2017-09-03T16:19:45","slug":"fruhstucksgruppe","status":"publish","type":"page","link":"https:\/\/psychose-seminar-elmshorn.de\/?page_id=51","title":{"rendered":"Fr\u00fchst\u00fccksgruppe"},"content":{"rendered":"<p style=\"text-align: left;\"><span style=\"text-decoration: underline;\">Ansprechpartner<\/span>: Kord Keller<\/p>\n<p>Kooperation mit Br\u00fccke Elmshorn e. V.<\/p>\n<p>Seit 2011 findet einmal im Monat in den R\u00e4umlichkeiten des Caf\u00e9s \u201eAuszeit am See\u201c eine Fr\u00fchst\u00fccksgruppe f\u00fcr psychisch beeintr\u00e4chtigte Menschen statt, die sich in gem\u00fctlicher Runde und bei einem leckeren Fr\u00fchst\u00fcck miteinander austauschen m\u00f6chten.<\/p>\n<p>Vorbereitet, durchgef\u00fchrt und angeleitet wird die Gruppe durch Psychiatrieerfahrene mit EX-IN-Ausbildung. Eine Anmeldung ist erforderlich!<\/p>\n","protected":false},"excerpt":{"rendered":"<p>Ansprechpartner: Kord Keller Kooperation mit Br\u00fccke Elmshorn e. V. Seit 2011 findet einmal im Monat in den R\u00e4umlichkeiten des Caf\u00e9s \u201eAuszeit am See\u201c eine Fr\u00fchst\u00fccksgruppe f\u00fcr psychisch beeintr\u00e4chtigte Menschen statt, die sich in gem\u00fctlicher Runde und bei einem leckeren Fr\u00fchst\u00fcck &hellip; <a href=\"https:\/\/psychose-seminar-elmshorn.de\/?page_id=51\">Weiterlesen <span class=\"meta-nav\">&rarr;<\/span><\/a><\/p>\n","protected":false},"author":1,"featured_media":0,"parent":17,"menu_order":0,"comment_status":"closed","ping_status":"open","template":"sidebar-page.php","meta":{"footnotes":""},"class_list":["post-51","page","type-page","status-publish","hentry"],"_links":{"self":[{"href":"https:\/\/psychose-seminar-elmshorn.de\/index.php?rest_route=\/wp\/v2\/pages\/51","targetHints":{"allow":["GET"]}}],"collection":[{"href":"https:\/\/psychose-seminar-elmshorn.de\/index.php?rest_route=\/wp\/v2\/pages"}],"about":[{"href":"https:\/\/psychose-seminar-elmshorn.de\/index.php?rest_route=\/wp\/v2\/types\/page"}],"author":[{"embeddable":true,"href":"https:\/\/psychose-seminar-elmshorn.de\/index.php?rest_route=\/wp\/v2\/users\/1"}],"replies":[{"embeddable":true,"href":"https:\/\/psychose-seminar-elmshorn.de\/index.php?rest_route=%2Fwp%2Fv2%2Fcomments&post=51"}],"version-history":[{"count":9,"href":"https:\/\/psychose-seminar-elmshorn.de\/index.php?rest_route=\/wp\/v2\/pages\/51\/revisions"}],"predecessor-version":[{"id":1161,"href":"https:\/\/psychose-seminar-elmshorn.de\/index.php?rest_route=\/wp\/v2\/pages\/51\/revisions\/1161"}],"up":[{"embeddable":true,"href":"https:\/\/psychose-seminar-elmshorn.de\/index.php?rest_route=\/wp\/v2\/pages\/17"}],"wp:attachment":[{"href":"https:\/\/psychose-seminar-elmshorn.de\/index.php?rest_route=%2Fwp%2Fv2%2Fmedia&parent=51"}],"curies":[{"name":"wp","href":"https:\/\/api.w.org\/{rel}","templated":true}]}}