{"id":50,"date":"2013-04-12T01:05:45","date_gmt":"2013-04-11T23:05:45","guid":{"rendered":"http:\/\/psychose-seminar-elmshorn.de\/?page_id=50"},"modified":"2017-09-03T18:26:13","modified_gmt":"2017-09-03T16:26:13","slug":"seminarreihe-psychiatrische-welten","status":"publish","type":"page","link":"https:\/\/psychose-seminar-elmshorn.de\/?page_id=50","title":{"rendered":"Seminarreihe &#8222;Psychiatrische Welten&#8220;"},"content":{"rendered":"<p>Die Seminarreihe \u201ePsychiatrische Welten\u201c besch\u00e4ftigt sich mit Themenfeldern rund um psychiatrische Erkrankungen. Sie will informieren und aufkl\u00e4ren. Und sie will die TeilnehmerInnen ins Gespr\u00e4ch miteinander bringen, sie zum Erfahrungsaustausch anregen.<\/p>\n<p>Die Seminarreihe richtet sich gleicherma\u00dfen an Betroffene, Angeh\u00f6rige und Profis: Jeder an psychiatrischen Fragen Interessierte ist herzlich Willkommen! &#8211; \u201e<em>Wer reden m\u00f6chte, redet. Wer schweigen m\u00f6chte, schweigt!\u201c<\/em><\/p>\n<p>Die ReferentInnen der Seminarreihe sind regelm\u00e4\u00dfig Profis, selbst Betroffene und Angeh\u00f6rige von erkrankten Menschen. Auf diese Weise werden unterschiedliche Perspektiven auf die Thematik sicht- und verstehbar gemacht. Die TeilnehmerInnen erhalten neue Einsichten insbesondere in das individuelle Erleben seelischer Krisen und in m\u00f6gliche Umgangsweisen und Bew\u00e4ltigungsstrategien.<\/p>\n<p style=\"text-align: left;\">Die Seminarreihe \u201ePsychiatrische Welten\u201c ist ein Gemeinschaftsprojekt der\u00a0<a href=\"http:\/\/www.vhs-elmshorn.de\" target=\"_blank\" rel=\"noopener\">-&gt; VHS Elmshorn<\/a>\u00a0mit der\u00a0<a href=\"http:\/\/www.brueckeelmshorn.de\" target=\"_blank\" rel=\"noopener\">-&gt; Br\u00fccke Elmshorn e. V.<\/a>\u00a0und der\u00a0<a href=\"http:\/\/www.bruecke-sh.de\" target=\"_blank\" rel=\"noopener\">-&gt; Br\u00fccke Schleswig-Holstein gGmbH<\/a>.<\/p>\n<p style=\"padding-left: 30px;\"><a href=\"https:\/\/psychose-seminar-elmshorn.de\/wp-content\/uploads\/2015\/04\/Logo-der-VHS-Elmshorn-vertikal-WEB.png\" target=\"_blank\" rel=\"noopener\"><img loading=\"lazy\" decoding=\"async\" class=\"alignnone wp-image-765 size-full\" style=\"border: 0px;\" src=\"https:\/\/psychose-seminar-elmshorn.de\/wp-content\/uploads\/2015\/04\/Logo-der-VHS-Elmshorn-vertikal-WEB.png\" alt=\"\" width=\"170\" height=\"120\" \/><\/a><a href=\"http:\/\/www.brueckeelmshorn.de\" target=\"_blank\" rel=\"noopener\"><img loading=\"lazy\" decoding=\"async\" class=\"alignnone size-full wp-image-462\" style=\"border: 0px;\" src=\"https:\/\/psychose-seminar-elmshorn.de\/wp-content\/uploads\/2014\/03\/Logo-der-Br\u00fccke-Elmshorn-eV-WEB.png\" alt=\"Logo der Br\u00fccke Elmshorn e. V.\" width=\"179\" height=\"120\" \/><\/a><a href=\"http:\/\/www.bruecke-sh.de\" target=\"_blank\" rel=\"noopener\"><img loading=\"lazy\" decoding=\"async\" class=\"alignnone size-full wp-image-463\" style=\"border: 0px;\" src=\"https:\/\/psychose-seminar-elmshorn.de\/wp-content\/uploads\/2014\/03\/Logo-der-Br\u00fccke-SH-WEB.png\" alt=\"Logo der Br\u00fccke SH\" width=\"155\" height=\"120\" \/><\/a><\/p>\n<p>Sie findet seit 2008 im Fr\u00fchjahr und im Herbst mit jeweils 2 bis 3 Seminarveranstaltungen statt. \u00dcber Voranmeldungen freut sich die VHS Elmshorn.<\/p>\n<p><em><u>AnsprechpartnerInnen<\/u> ist Detlef Witthinrich (Br\u00fccke Elmshorn e.V.)<br \/>\n<\/em><\/p>\n","protected":false},"excerpt":{"rendered":"<p>Die Seminarreihe \u201ePsychiatrische Welten\u201c besch\u00e4ftigt sich mit Themenfeldern rund um psychiatrische Erkrankungen. Sie will informieren und aufkl\u00e4ren. Und sie will die TeilnehmerInnen ins Gespr\u00e4ch miteinander bringen, sie zum Erfahrungsaustausch anregen. Die Seminarreihe richtet sich gleicherma\u00dfen an Betroffene, Angeh\u00f6rige und Profis: &hellip; <a href=\"https:\/\/psychose-seminar-elmshorn.de\/?page_id=50\">Weiterlesen <span class=\"meta-nav\">&rarr;<\/span><\/a><\/p>\n","protected":false},"author":1,"featured_media":0,"parent":17,"menu_order":0,"comment_status":"closed","ping_status":"closed","template":"sidebar-page.php","meta":{"footnotes":""},"class_list":["post-50","page","type-page","status-publish","hentry"],"_links":{"self":[{"href":"https:\/\/psychose-seminar-elmshorn.de\/index.php?rest_route=\/wp\/v2\/pages\/50","targetHints":{"allow":["GET"]}}],"collection":[{"href":"https:\/\/psychose-seminar-elmshorn.de\/index.php?rest_route=\/wp\/v2\/pages"}],"about":[{"href":"https:\/\/psychose-seminar-elmshorn.de\/index.php?rest_route=\/wp\/v2\/types\/page"}],"author":[{"embeddable":true,"href":"https:\/\/psychose-seminar-elmshorn.de\/index.php?rest_route=\/wp\/v2\/users\/1"}],"replies":[{"embeddable":true,"href":"https:\/\/psychose-seminar-elmshorn.de\/index.php?rest_route=%2Fwp%2Fv2%2Fcomments&post=50"}],"version-history":[{"count":15,"href":"https:\/\/psychose-seminar-elmshorn.de\/index.php?rest_route=\/wp\/v2\/pages\/50\/revisions"}],"predecessor-version":[{"id":1166,"href":"https:\/\/psychose-seminar-elmshorn.de\/index.php?rest_route=\/wp\/v2\/pages\/50\/revisions\/1166"}],"up":[{"embeddable":true,"href":"https:\/\/psychose-seminar-elmshorn.de\/index.php?rest_route=\/wp\/v2\/pages\/17"}],"wp:attachment":[{"href":"https:\/\/psychose-seminar-elmshorn.de\/index.php?rest_route=%2Fwp%2Fv2%2Fmedia&parent=50"}],"curies":[{"name":"wp","href":"https:\/\/api.w.org\/{rel}","templated":true}]}}