{"id":49,"date":"2013-04-12T01:05:25","date_gmt":"2013-04-11T23:05:25","guid":{"rendered":"http:\/\/psychose-seminar-elmshorn.de\/?page_id=49"},"modified":"2017-09-03T18:15:17","modified_gmt":"2017-09-03T16:15:17","slug":"filmforum-elmshorn","status":"publish","type":"page","link":"https:\/\/psychose-seminar-elmshorn.de\/?page_id=49","title":{"rendered":"Filmforum Elmshorn"},"content":{"rendered":"<p>Die Idee zum \u201eFilmforum Elmshorn &#8211; Psychiatrie im Film\u201c entstand 2010 im Nachgang zur Beteiligung am bundesweit veranstalteten Filmfestival \u201eVerr\u00fcckt nach Leben\u201c und wird seitdem getragen durch eine Projektgruppe, in der sich Mitarbeiterinnen der <a href=\"http:\/\/elmshorn.bruecke-sh.de\" target=\"_blank\" rel=\"noopener\">-&gt; Br\u00fccke Schleswig-Holstein gGmbH<\/a> und von <a href=\"http:\/\/brueckeelmshorn.de\" target=\"_blank\" rel=\"noopener\">-&gt; Br\u00fccke Elmshorn e. V.<\/a> und Menschen mit eigener Krisenerfahrung aus dem Umfeld von <a href=\"https:\/\/psychose-seminar-elmshorn.de\/?page_id=17\">Irre Menschlich im Kreis Pinneberg<\/a> (eines Netzwerks von Menschen mit eigener Krisen- \/ Psychiatrie-Erfahrung, die sich f\u00fcr die Entstigmatisierung von Menschen mit psychischen Erkrankungen einsetzen) zusammengefunden haben.<\/p>\n<p>Zielsetzung der trialogisch (soll hei\u00dfen: Unter Beteiligung sowohl selbst Betroffener als auch von Profis) organisierten Veranstaltungsreihe ist es, Menschen mit und ohne psychische Erkrankungen \u00fcber das Medium Film miteinander in Kontakt und ins Gespr\u00e4ch zu bringen und so einen Beitrag zur Entstigmatisierung psychischer Erkrankungen zu leisten.<\/p>\n<p>Dazu w\u00e4hlt die Projektgruppe zweimal im Jahr \u2013 jeweils im Fr\u00fchjahr und im Herbst \u2013 zwei Filme mit im weitesten Sinne psychiatrischem Bezug aus. Jeder Film wird zweimal gezeigt, einmal mit Anmoderation und einem Gespr\u00e4chsangebot im Anschluss an den Film, einmal ohne. Neben den Projektmitgliedern sind dabei auch immer wieder ExpertInnen zum jeweiligen Thema zu Gast.<\/p>\n<p>Die bisherigen Erfahrungen mit diesem Veranstaltungsformat sind sehr positiv: Es hat sich gezeigt, dass es ganz offenbar allgemein ein reges Interesse zu Psychiatrie-Themen gibt. Zu den Filmvorf\u00fchrungen kommen l\u00e4ngst nicht nur selbst betroffene Menschen und ihre Angeh\u00f6rigen, neben den Profis aus der psycho-sozialen Szene sind immer auch interessierte B\u00fcrgerinnen und B\u00fcrger mit dabei. Oftmals ergeben sich am Ende spannende Gespr\u00e4che zwischen den G\u00e4sten.<\/p>\n<p>Die Kooperation mit dem Saturn-Kino in Barmstedt (Am Markt 16, 25355 Barmstedt) war eine wirklich gelungene Verbindung. F\u00fcr den Betreiber des Saturn-Kinos, Herrn Klietz, war es immer\u00a0wichtig, dass der gezeigte Film den n\u00f6tigen Raum erh\u00e4lt. Die angenehme und gem\u00fctliche Atmosph\u00e4re des Kinos trug viel dazu bei, den anschlie\u00dfenden Gespr\u00e4chen eine Leichtigkeit zu geben, ohne dabei aber den Ernst der Themen aus den Augen zu verlieren. Leider fand diese Verbindung mit der Schlie\u00dfung des Saturn-Kinos Ende Mai 2015 ein Ende. Gl\u00fccklicherweise erkl\u00e4rte sich das Burg Kino in Uetersen bereit, die Veranstaltungsreihe zu &#8222;\u00fcbernehmen&#8220;. Mit der Herbstausgabe 2015 hat das Filmforum Elmshorn nun also seine neue Heimat in Uetersen.<\/p>\n<p>Eine Voranmeldung ist nicht notwendig.<\/p>\n<p><em><u>Ansprechpartnerinnen<\/u>\u00a0sind Imme Schippmann (Br\u00fccke Elmshorn e. V.) und Irene Eickelberg (Br\u00fccke SH gGmbH)<br \/>\n<\/em><\/p>\n<p><em>Das Filmforum\u00a0Elmshorn wird <span style=\"text-decoration: underline;\">unterst\u00fctzt<\/span> von<\/em><\/p>\n<p><a href=\"http:\/\/bruecke-sh.de\" target=\"_blank\" rel=\"noopener\"><img loading=\"lazy\" decoding=\"async\" class=\"alignnone size-full wp-image-463\" style=\"border: 0px;\" src=\"https:\/\/psychose-seminar-elmshorn.de\/wp-content\/uploads\/2014\/03\/Logo-der-Br\u00fccke-SH-WEB.png\" alt=\"Logo der Br\u00fccke SH\" width=\"155\" height=\"120\" \/><\/a>\u00a0<a href=\"http:\/\/www.brueckeelmshorn.de\" target=\"_blank\" rel=\"noopener\"><img loading=\"lazy\" decoding=\"async\" class=\"alignnone size-full wp-image-462\" style=\"border: 0px;\" src=\"https:\/\/psychose-seminar-elmshorn.de\/wp-content\/uploads\/2014\/03\/Logo-der-Br\u00fccke-Elmshorn-eV-WEB.png\" alt=\"Logo der Br\u00fccke Elmshorn eV\" width=\"179\" height=\"120\" \/><\/a><\/p>\n<p><em><span style=\"text-decoration: underline;\">Kooperationspartner<\/span> ist das<\/em><\/p>\n<p><a href=\"http:\/\/www.burgkino.de\" target=\"_blank\" rel=\"noopener\"><img loading=\"lazy\" decoding=\"async\" class=\"alignnone wp-image-886 size-medium\" style=\"border: 0px;\" src=\"https:\/\/psychose-seminar-elmshorn.de\/wp-content\/uploads\/2015\/10\/Logo-des-Burg-Kinos-Uetersen-WEB-300x113.png\" alt=\"\" width=\"300\" height=\"113\" srcset=\"https:\/\/psychose-seminar-elmshorn.de\/wp-content\/uploads\/2015\/10\/Logo-des-Burg-Kinos-Uetersen-WEB-300x113.png 300w, https:\/\/psychose-seminar-elmshorn.de\/wp-content\/uploads\/2015\/10\/Logo-des-Burg-Kinos-Uetersen-WEB.png 320w\" sizes=\"auto, (max-width: 300px) 100vw, 300px\" \/><\/a><\/p>\n<p><em>Ehemaliger <span style=\"text-decoration: underline;\">Kooperationspartner<\/span> war das<\/em><\/p>\n<p><a href=\"http:\/\/www.saturn-kino.de\" target=\"_blank\" rel=\"noopener\"><img loading=\"lazy\" decoding=\"async\" class=\"alignnone size-full wp-image-495\" style=\"border: 0px;\" src=\"https:\/\/psychose-seminar-elmshorn.de\/wp-content\/uploads\/2014\/04\/Logo-des-Saturn-Kino-Barmstedt-WEB.png\" alt=\"Logo des Saturn-Kino Barmstedt\" width=\"210\" height=\"120\" \/><\/a><\/p>\n","protected":false},"excerpt":{"rendered":"<p>Die Idee zum \u201eFilmforum Elmshorn &#8211; Psychiatrie im Film\u201c entstand 2010 im Nachgang zur Beteiligung am bundesweit veranstalteten Filmfestival \u201eVerr\u00fcckt nach Leben\u201c und wird seitdem getragen durch eine Projektgruppe, in der sich Mitarbeiterinnen der -&gt; Br\u00fccke Schleswig-Holstein gGmbH und von &hellip; <a href=\"https:\/\/psychose-seminar-elmshorn.de\/?page_id=49\">Weiterlesen <span class=\"meta-nav\">&rarr;<\/span><\/a><\/p>\n","protected":false},"author":1,"featured_media":0,"parent":17,"menu_order":0,"comment_status":"closed","ping_status":"closed","template":"sidebar-page.php","meta":{"footnotes":""},"class_list":["post-49","page","type-page","status-publish","hentry"],"_links":{"self":[{"href":"https:\/\/psychose-seminar-elmshorn.de\/index.php?rest_route=\/wp\/v2\/pages\/49","targetHints":{"allow":["GET"]}}],"collection":[{"href":"https:\/\/psychose-seminar-elmshorn.de\/index.php?rest_route=\/wp\/v2\/pages"}],"about":[{"href":"https:\/\/psychose-seminar-elmshorn.de\/index.php?rest_route=\/wp\/v2\/types\/page"}],"author":[{"embeddable":true,"href":"https:\/\/psychose-seminar-elmshorn.de\/index.php?rest_route=\/wp\/v2\/users\/1"}],"replies":[{"embeddable":true,"href":"https:\/\/psychose-seminar-elmshorn.de\/index.php?rest_route=%2Fwp%2Fv2%2Fcomments&post=49"}],"version-history":[{"count":17,"href":"https:\/\/psychose-seminar-elmshorn.de\/index.php?rest_route=\/wp\/v2\/pages\/49\/revisions"}],"predecessor-version":[{"id":1157,"href":"https:\/\/psychose-seminar-elmshorn.de\/index.php?rest_route=\/wp\/v2\/pages\/49\/revisions\/1157"}],"up":[{"embeddable":true,"href":"https:\/\/psychose-seminar-elmshorn.de\/index.php?rest_route=\/wp\/v2\/pages\/17"}],"wp:attachment":[{"href":"https:\/\/psychose-seminar-elmshorn.de\/index.php?rest_route=%2Fwp%2Fv2%2Fmedia&parent=49"}],"curies":[{"name":"wp","href":"https:\/\/api.w.org\/{rel}","templated":true}]}}