{"id":203,"date":"2013-04-24T00:40:12","date_gmt":"2013-04-23T22:40:12","guid":{"rendered":"http:\/\/psychose-seminar-elmshorn.de\/?page_id=203"},"modified":"2013-04-24T00:40:12","modified_gmt":"2013-04-23T22:40:12","slug":"10-goldene-regeln-des-psychose-seminars-elmshorn","status":"publish","type":"page","link":"https:\/\/psychose-seminar-elmshorn.de\/?page_id=203","title":{"rendered":"10 Goldene Regeln des Psychose-Seminars Elmshorn"},"content":{"rendered":"<ol>\n<li>Wer etwas sagen m\u00f6chte, darf das tun, wer nichts sagen m\u00f6chte, darf das ebenso tun.<\/li>\n<li>Wir sprechen \u00fcber uns und unsere eigene Erfahrung.<\/li>\n<li>Die individuelle Erfahrung ist jedem eigen, daher sprechen wir sie auch niemandem ab. Es gibt kein Richtig und es gibt kein Falsch.<\/li>\n<li>Vertraulichkeit des Gesagten ist ein wichtiges Gut. Alles, was hier gesagt wird, bleibt auch hier.<\/li>\n<li>Das Psychose-Seminar ist ein Raum f\u00fcr Begegnung auf Augenh\u00f6he. Gemeinschaftliches Ziel ist es, mehr Verst\u00e4ndnis f\u00fcr einander zu entwickeln.<\/li>\n<li>Deshalb sprechen wir nicht \u00fcber nichtanwesende Dritte, es sei denn wohlwollend und verst\u00e4ndnisvoll.<\/li>\n<li>Dabei vermeiden wir die namentliche Nennung dieser Personen.<\/li>\n<li>Auch f\u00fcr starke Emotionen ist Raum im Psychose-Seminar, allerdings nicht f\u00fcr Beschimpfungen und verletzende \u00c4u\u00dferungen gegen\u00fcber anderen TeilnehmerInnen oder Dritten!<\/li>\n<li>Wir lassen einander ausreden.<\/li>\n<li>Wir gehen mit unserer Gespr\u00e4chszeit achtsam um: Andere TeilnehmerInnen wollen vielleicht auch noch etwas sagen.<\/li>\n<\/ol>\n","protected":false},"excerpt":{"rendered":"<p>Wer etwas sagen m\u00f6chte, darf das tun, wer nichts sagen m\u00f6chte, darf das ebenso tun. Wir sprechen \u00fcber uns und unsere eigene Erfahrung. Die individuelle Erfahrung ist jedem eigen, daher sprechen wir sie auch niemandem ab. Es gibt kein Richtig &hellip; <a href=\"https:\/\/psychose-seminar-elmshorn.de\/?page_id=203\">Weiterlesen <span class=\"meta-nav\">&rarr;<\/span><\/a><\/p>\n","protected":false},"author":1,"featured_media":0,"parent":0,"menu_order":0,"comment_status":"closed","ping_status":"open","template":"sidebar-page.php","meta":{"footnotes":""},"class_list":["post-203","page","type-page","status-publish","hentry"],"_links":{"self":[{"href":"https:\/\/psychose-seminar-elmshorn.de\/index.php?rest_route=\/wp\/v2\/pages\/203","targetHints":{"allow":["GET"]}}],"collection":[{"href":"https:\/\/psychose-seminar-elmshorn.de\/index.php?rest_route=\/wp\/v2\/pages"}],"about":[{"href":"https:\/\/psychose-seminar-elmshorn.de\/index.php?rest_route=\/wp\/v2\/types\/page"}],"author":[{"embeddable":true,"href":"https:\/\/psychose-seminar-elmshorn.de\/index.php?rest_route=\/wp\/v2\/users\/1"}],"replies":[{"embeddable":true,"href":"https:\/\/psychose-seminar-elmshorn.de\/index.php?rest_route=%2Fwp%2Fv2%2Fcomments&post=203"}],"version-history":[{"count":2,"href":"https:\/\/psychose-seminar-elmshorn.de\/index.php?rest_route=\/wp\/v2\/pages\/203\/revisions"}],"predecessor-version":[{"id":280,"href":"https:\/\/psychose-seminar-elmshorn.de\/index.php?rest_route=\/wp\/v2\/pages\/203\/revisions\/280"}],"wp:attachment":[{"href":"https:\/\/psychose-seminar-elmshorn.de\/index.php?rest_route=%2Fwp%2Fv2%2Fmedia&parent=203"}],"curies":[{"name":"wp","href":"https:\/\/api.w.org\/{rel}","templated":true}]}}