{"id":16,"date":"2013-04-05T20:34:57","date_gmt":"2013-04-05T20:34:57","guid":{"rendered":"http:\/\/psychose-seminar-elmshorn.de\/?page_id=16"},"modified":"2017-09-03T18:16:14","modified_gmt":"2017-09-03T16:16:14","slug":"psychose-seminar","status":"publish","type":"page","link":"https:\/\/psychose-seminar-elmshorn.de\/?page_id=16","title":{"rendered":"Psychose-Seminar Elmshorn"},"content":{"rendered":"<blockquote><p>Psychose-Seminare sind Orte gemeinsamen Erz\u00e4hlens, gleichberechtigter Begegnung, wechselseitigen Lernens und offenen Streitens.\u00a0(aus: T. Bock, D. Buck, I. Esterer:\u00a0Es ist normal verschieden zu sein;\u00a0Psychiatrie-Verlag)<\/p><\/blockquote>\n<p>Das Psychose-Seminar ist ein Ort des gemeinsamen Erfahrungsaustausches zwischen Menschen aus ganz unterschiedlichen pers\u00f6nlichen oder professionellen Erfahrungskontexten und mit teils sehr pers\u00f6nlichen seelischen Krisenbez\u00fcgen. Auch wenn der Name etwas anderes andeutet, geht es thematisch um psychische Beeintr\u00e4chtigungen im weitesten Sinne. Der Name ist historisch bedingt: Unter diesem Titel fand 1989 die erste Veranstaltung dieser Art am Universit\u00e4tsklinikum Hamburg-Eppendorf statt. Daraus entwickelte sich das Konzept des Trialogs in der Psychiatrie. Heute gibt es im deutschsprachigen Raum eine Vielzahl mehr oder weniger \u00e4hnlicher Veranstaltungen, die teilweise inzwischen auch anders benannt sind. Mit dem Namen \u201ePsychose-Seminar\u201c wollen die OrganisatorInnen des Elmshorner Psychose-Seminars ihre konzeptionelle N\u00e4he zum Hamburger Psychose-Seminar zum Ausdruck bringen.<\/p>\n<p>Im Seminar begegnen sich Menschen mit eigener Krisenerfahrung, Angeh\u00f6rige von Betroffenen, Mitarbeiter in der psychiatrischen \/ psychosozialen Versorgung und allgemein Interessierte zum Austausch pers\u00f6nlicher Erfahrungen und Erlebnisse. Dabei ist der Rahmen so gew\u00e4hlt, dass die Begegnung m\u00f6glichst gleichberechtigt und \u201eauf Augenh\u00f6he\u201c stattfinden kann: Au\u00dferhalb der im psychosozialen \/ psychiatrischen Arbeitsalltag \u00fcblicherweise gegebenen Strukturen und Hierarchien.<\/p>\n<p>Die Themen einer Seminarveranstaltung haben immer einen Bezug zu Themen der Psychiatrie, psychischen Erkrankungen und Arbeitsfeldern, die hiermit in Zusammenhang stehen. Im Mittelpunkt jeder Seminar-Veranstaltung steht der Austausch individueller Erfahrung. Das hei\u00dft, es gibt keine Referate, keine Fachinformation und niemanden, der es \u201ebesser w\u00fcsste\u201c. Wer etwas beitragen m\u00f6chte, kann dies gern tun; wer lieber nur zuh\u00f6ren mag, ist genauso willkommen, dabei zu sein.<\/p>\n<p>Aus dem pers\u00f6nlichen Erfahrungswissen wird auf diese Weise gemeinsames Wissen. Im Miteinander der TeilnehmerInnen entsteht eine neue, gemeinsame Sprache, ein gemeinsames Verst\u00e4ndnis f\u00fcr- und miteinander. H\u00e4ufig f\u00fchrt dieser Austausch und die gemeinsame Offenheit f\u00fcr den Anderen, zu einer neuen, gemeinsam entwickelten Grundhaltung und Ver\u00e4nderung der Perspektive. So entwickeln sich neue Bew\u00e4ltigungsstrategien, so k\u00f6nnen verbesserte, greifbarere, individuellere und auch effektivere M\u00f6glichkeiten der Hilfen und Unterst\u00fctzungsleistungen gefunden werden.<\/p>\n<p>Dar\u00fcber hinaus findet die im Psychose-Seminar sicht- und greifbar gewordene pers\u00f6nliche Erfahrung \u00fcber die TeilnehmerInnen am Trialog des Psychose-Seminars Eingang in weitere psychiatrische und psychosoziale Kontexte und kann so zu einer ganzheitlichen Weiterentwicklung der Sozialpsychiatrie f\u00fchren. Das Erfahrungswissen und die damit verbundene Grundhaltung wird zum Teil des t\u00e4glichen Lebens und Arbeitens und ver\u00e4ndert nachhaltig die pers\u00f6nlichen Sichtweisen.<\/p>\n<p>Das Psychose-Seminar findet seit 2008 regelm\u00e4\u00dfig an jedem 2. Mittwoch im Monat in den Seminar-R\u00e4umen des Flora-Gesundheitszentrums Elmshorn, Schulstra\u00dfe 46-50,\u00a025335 Elmshorn statt. Die Teilnahme ist kostenfrei, eine Anmeldung nicht notwendig.<\/p>\n<p><em><u>AnsprechpartnerInnen<\/u> sind\u00a0Miriam Kunkel (Br\u00fccke Elmshorn e. V.) und Ingo Ulzhoefer; Kontakt \u00fcber\u00a0<a href=\"mailto:info@psychose-seminar-elmshorn.de\">info@psychose-seminar-elmshorn.de<\/a>\u00a0oder \u00fcber die unter\u00a0<a href=\"https:\/\/psychose-seminar-elmshorn.de\/?page_id=14\">Kontakt<\/a>\u00a0zu findenden alternativen Kontaktwege.<\/em><\/p>\n<p><em>Das Psychose-Seminar Elmshorn wird <span style=\"text-decoration: underline;\">unterst\u00fctzt<\/span> von<\/em><\/p>\n<p><a href=\"http:\/\/www.bruecke-sh.de\" target=\"_blank\" rel=\"noopener\"><img loading=\"lazy\" decoding=\"async\" class=\"alignnone size-full wp-image-464\" style=\"border: 0px;\" src=\"https:\/\/psychose-seminar-elmshorn.de\/wp-content\/uploads\/2014\/03\/Logo-der-Br\u00fccke-SH-WEB.png\" alt=\"Logo der Br\u00fccke SH\" width=\"155\" height=\"120\" \/><\/a><\/p>\n<p><em><span style=\"text-decoration: underline;\">Kooperationspartner<\/span> ist das<\/em><\/p>\n<p><a href=\"http:\/\/www.flora-elmshorn.de\" target=\"_blank\" rel=\"noopener\"><img loading=\"lazy\" decoding=\"async\" class=\"alignnone size-full wp-image-464\" style=\"border: 0px;\" src=\"https:\/\/psychose-seminar-elmshorn.de\/wp-content\/uploads\/2014\/04\/Logo-des-Flora-GesundheitsZENTRUMs-WEB.png\" alt=\"Logo des Flora-Gesundheitszentrums, Elmshorn\" width=\"170\" height=\"120\" \/><\/a><\/p>\n","protected":false},"excerpt":{"rendered":"<p>Psychose-Seminare sind Orte gemeinsamen Erz\u00e4hlens, gleichberechtigter Begegnung, wechselseitigen Lernens und offenen Streitens.\u00a0(aus: T. Bock, D. Buck, I. Esterer:\u00a0Es ist normal verschieden zu sein;\u00a0Psychiatrie-Verlag) Das Psychose-Seminar ist ein Ort des gemeinsamen Erfahrungsaustausches zwischen Menschen aus ganz unterschiedlichen pers\u00f6nlichen oder professionellen Erfahrungskontexten &hellip; <a href=\"https:\/\/psychose-seminar-elmshorn.de\/?page_id=16\">Weiterlesen <span class=\"meta-nav\">&rarr;<\/span><\/a><\/p>\n","protected":false},"author":1,"featured_media":0,"parent":17,"menu_order":1,"comment_status":"closed","ping_status":"closed","template":"sidebar-page.php","meta":{"footnotes":""},"class_list":["post-16","page","type-page","status-publish","hentry"],"_links":{"self":[{"href":"https:\/\/psychose-seminar-elmshorn.de\/index.php?rest_route=\/wp\/v2\/pages\/16","targetHints":{"allow":["GET"]}}],"collection":[{"href":"https:\/\/psychose-seminar-elmshorn.de\/index.php?rest_route=\/wp\/v2\/pages"}],"about":[{"href":"https:\/\/psychose-seminar-elmshorn.de\/index.php?rest_route=\/wp\/v2\/types\/page"}],"author":[{"embeddable":true,"href":"https:\/\/psychose-seminar-elmshorn.de\/index.php?rest_route=\/wp\/v2\/users\/1"}],"replies":[{"embeddable":true,"href":"https:\/\/psychose-seminar-elmshorn.de\/index.php?rest_route=%2Fwp%2Fv2%2Fcomments&post=16"}],"version-history":[{"count":21,"href":"https:\/\/psychose-seminar-elmshorn.de\/index.php?rest_route=\/wp\/v2\/pages\/16\/revisions"}],"predecessor-version":[{"id":1158,"href":"https:\/\/psychose-seminar-elmshorn.de\/index.php?rest_route=\/wp\/v2\/pages\/16\/revisions\/1158"}],"up":[{"embeddable":true,"href":"https:\/\/psychose-seminar-elmshorn.de\/index.php?rest_route=\/wp\/v2\/pages\/17"}],"wp:attachment":[{"href":"https:\/\/psychose-seminar-elmshorn.de\/index.php?rest_route=%2Fwp%2Fv2%2Fmedia&parent=16"}],"curies":[{"name":"wp","href":"https:\/\/api.w.org\/{rel}","templated":true}]}}