{"id":131,"date":"2013-04-13T00:39:16","date_gmt":"2013-04-12T22:39:16","guid":{"rendered":"http:\/\/psychose-seminar-elmshorn.de\/?page_id=131"},"modified":"2017-09-03T18:10:39","modified_gmt":"2017-09-03T16:10:39","slug":"psychose-seminar","status":"publish","type":"page","link":"https:\/\/psychose-seminar-elmshorn.de\/?page_id=131","title":{"rendered":"Psychose-Seminar"},"content":{"rendered":"<p>Das Psychose-Seminar ist ein Ort des gemeinsamen Erfahrungsaustausches zwischen Menschen aus ganz unterschiedlichen Erfahrungskontexten und mit sehr pers\u00f6nlichen seelischen Krisenbez\u00fcgen.<\/p>\n<p>Hier begegnen sich Menschen mit eigener Krisenerfahrung, Angeh\u00f6rige von Betroffenen, &#8222;Profis&#8220;, die in diesem Arbeitsfeld t\u00e4tig sind und\u00a0allgemein Interessierte zum Austausch pers\u00f6nlicher Erfahrungen und Erlebnisse.<\/p>\n<p>Die Themen des Psychose-Seminars haben immer einen Bezug zu Themen der Psychiatrie, psychischen Erkrankungen (im weitesten Sinne) und Arbeitsfeldern, die hiermit in Zusammenhang stehen.<\/p>\n<p>Hierbei stehen die eigenen Erfahrungen, der individuelle Umgang und die kreative Bew\u00e4ltigung des jeweiligen Themas im Mittelpunkt. Dennoch ist auch immer Raum und Offenheit\u00a0f\u00fcr die Erweiterung der angedachten Inhalte.<\/p>\n<p>Alle Beteiligten des Trialoges profitieren auf unerwartete Art und Weise von der Begegnung miteinander!<\/p>\n<p>In diesem Raum entsteht eine neue, gemeinsame Sprache, ein gemeinsames Verst\u00e4ndnis f\u00fcr- und miteinander. H\u00e4ufig f\u00fchrt dieser Austausch und die gemeinsame Offenheit f\u00fcr den Anderen, zu einer gemeinsamen Grundhaltung und Ver\u00e4nderung der Perspektive. So k\u00f6nnen verbesserte, greifbarere, individuellere und auch effektivere M\u00f6glichkeiten der Hilfen und Unterst\u00fctzungsleistungen gefunden werden.<\/p>\n<p>Dar\u00fcber hinaus findet die im Psychose-Seminar sicht- und greifbar gewordene pers\u00f6nliche Erfahrung \u00fcber die Menschen des Trialogs Eingang in weitere psychiatrische und psycho-soziale Kontexte und kann so zu einer ganzheitlichen Weiterentwicklung der Sozialpsychiatrie f\u00fchren.<\/p>\n<p>Das Erfahrungswissen und die damit verbundene Grundhaltung\u00a0wird so zum Teil des t\u00e4glichen Lebens und Arbeitens und ver\u00e4ndert nachhaltig die pers\u00f6nlichen Sichtweisen.<\/p>\n<p><em>Psychose-Seminare sind Orte gemeinsamen Erz\u00e4hlens, gleichberechtigter Begegnung, wechselseitigen Lernens und offenen Streitens.<\/em> (aus: T. Bock, D. Buck, I. Esterer:\u00a0<em>Es ist normal verschieden zu sein<\/em>;\u00a0Psychiatrie-Verlag)<\/p>\n<p>Um Konflikte zu vermeiden und diesen Ort des Austausches wert- und angstfrei zu gestalten, haben wir uns sogenannte &#8222;Goldene Regeln&#8220; f\u00fcr den Umgang miteinander erarbeitet. Diese sind unter <a title=\"10 Goldene Regeln des Psychose-Seminars Elmshorn\" href=\"https:\/\/psychose-seminar-elmshorn.de\/?page_id=203\">Goldene Regeln<\/a> einzusehen!<\/p>\n<p>Das Psychose-Seminar findet seit 2008 regelm\u00e4\u00dfig an jedem 2. Mittwoch im Monat in den Seminar-R\u00e4umen des Flora-Gesundheitszentrums Elmshorn, Schulstra\u00dfe 46-50, 25335 Elmshorn statt.<\/p>\n<p>Zum Moderatoren-Team geh\u00f6ren: Miriam Kunkel, Ingo Ulzhoefer, Andreina Perell\u00f3, Kord Keller<\/p>\n","protected":false},"excerpt":{"rendered":"<p>Das Psychose-Seminar ist ein Ort des gemeinsamen Erfahrungsaustausches zwischen Menschen aus ganz unterschiedlichen Erfahrungskontexten und mit sehr pers\u00f6nlichen seelischen Krisenbez\u00fcgen. Hier begegnen sich Menschen mit eigener Krisenerfahrung, Angeh\u00f6rige von Betroffenen, &#8222;Profis&#8220;, die in diesem Arbeitsfeld t\u00e4tig sind und\u00a0allgemein Interessierte zum &hellip; <a href=\"https:\/\/psychose-seminar-elmshorn.de\/?page_id=131\">Weiterlesen <span class=\"meta-nav\">&rarr;<\/span><\/a><\/p>\n","protected":false},"author":1,"featured_media":0,"parent":0,"menu_order":0,"comment_status":"closed","ping_status":"open","template":"sidebar-page.php","meta":{"footnotes":""},"class_list":["post-131","page","type-page","status-publish","hentry"],"_links":{"self":[{"href":"https:\/\/psychose-seminar-elmshorn.de\/index.php?rest_route=\/wp\/v2\/pages\/131","targetHints":{"allow":["GET"]}}],"collection":[{"href":"https:\/\/psychose-seminar-elmshorn.de\/index.php?rest_route=\/wp\/v2\/pages"}],"about":[{"href":"https:\/\/psychose-seminar-elmshorn.de\/index.php?rest_route=\/wp\/v2\/types\/page"}],"author":[{"embeddable":true,"href":"https:\/\/psychose-seminar-elmshorn.de\/index.php?rest_route=\/wp\/v2\/users\/1"}],"replies":[{"embeddable":true,"href":"https:\/\/psychose-seminar-elmshorn.de\/index.php?rest_route=%2Fwp%2Fv2%2Fcomments&post=131"}],"version-history":[{"count":9,"href":"https:\/\/psychose-seminar-elmshorn.de\/index.php?rest_route=\/wp\/v2\/pages\/131\/revisions"}],"predecessor-version":[{"id":1153,"href":"https:\/\/psychose-seminar-elmshorn.de\/index.php?rest_route=\/wp\/v2\/pages\/131\/revisions\/1153"}],"wp:attachment":[{"href":"https:\/\/psychose-seminar-elmshorn.de\/index.php?rest_route=%2Fwp%2Fv2%2Fmedia&parent=131"}],"curies":[{"name":"wp","href":"https:\/\/api.w.org\/{rel}","templated":true}]}}