{"id":13,"date":"2013-04-05T20:28:32","date_gmt":"2013-04-05T20:28:32","guid":{"rendered":"http:\/\/psychose-seminar-elmshorn.de\/?page_id=13"},"modified":"2015-06-09T11:57:27","modified_gmt":"2015-06-09T09:57:27","slug":"links","status":"publish","type":"page","link":"https:\/\/psychose-seminar-elmshorn.de\/?page_id=13","title":{"rendered":"Links"},"content":{"rendered":"<p>Es gibt im Internet inzwischen vielf\u00e4ltige Informationsangebote zum Thema &#8222;Seelische Gesundheit&#8220; bzw. psychische Erkrankung. Ein ausf\u00fchrliches Portal zu diesem Thema ist das <a title=\"Psychiatrienetz\" href=\"http:\/\/www.psychiatrie.de\/startseite\" target=\"_blank\">Psychiatrienetz<\/a>. Die hier ver\u00f6ffentlichen Links konzentrieren sich auf die Themen <strong>Trialog bzw. Psychoseseminare<\/strong>,<strong> Selbsthilfe<\/strong>,<strong> (Fach-)Verb\u00e4nde<\/strong>,<strong> Beratungsangebote<\/strong> und<strong> Informationen<\/strong>.<\/p>\n<p>Bitte beachten Sie unsere Hinweise bzgl. externer Links (Verweise auf Webseiten Dritter) im\u00a0<a href=\"https:\/\/psychose-seminar-elmshorn.de\/?page_id=10\">-&gt; Impressum<\/a><\/p>\n<p><strong>Unterst\u00fctzer des Psychose-Seminars Elmshorn bzw. Irre Menschlich im Kreis Pinneberg<\/strong><\/p>\n<p><a style=\"font-style: normal;\" href=\"http:\/\/www.brueckeelmshorn.de\" target=\"_blank\"><img loading=\"lazy\" decoding=\"async\" class=\"alignnone size-full wp-image-462\" style=\"border: 0px;\" src=\"https:\/\/psychose-seminar-elmshorn.de\/wp-content\/uploads\/2014\/03\/Logo-der-Br\u00fccke-Elmshorn-eV-WEB.png\" alt=\"Logo der Br\u00fccke Elmshorn e. V.\" width=\"179\" height=\"120\" \/><\/a><a style=\"font-style: normal;\" href=\"http:\/\/www.bruecke-sh.de\" target=\"_blank\"><img loading=\"lazy\" decoding=\"async\" class=\"alignnone size-full wp-image-462\" style=\"border: 0px;\" src=\"https:\/\/psychose-seminar-elmshorn.de\/wp-content\/uploads\/2014\/03\/Logo-der-Br\u00fccke-SH-WEB.png\" alt=\"Logo der Br\u00fccke SH\" width=\"155\" height=\"120\" \/><\/a><\/p>\n<p><strong>Kooperationspartner<\/strong><\/p>\n<p><a href=\"https:\/\/psychose-seminar-elmshorn.de\/wp-content\/uploads\/2015\/04\/Logo-der-VHS-Elmshorn-vertikal-WEB.png\" target=\"_blank\"><img loading=\"lazy\" decoding=\"async\" class=\"alignnone wp-image-765 size-full\" style=\"border: 0px;\" src=\"https:\/\/psychose-seminar-elmshorn.de\/wp-content\/uploads\/2015\/04\/Logo-der-VHS-Elmshorn-vertikal-WEB.png\" alt=\"\" width=\"170\" height=\"120\" \/><\/a><a href=\"http:\/\/www.flora-elmshorn.de\" target=\"_blank\"><img loading=\"lazy\" decoding=\"async\" class=\"alignnone size-full wp-image-462\" style=\"border: 0px;\" src=\"https:\/\/psychose-seminar-elmshorn.de\/wp-content\/uploads\/2014\/04\/Logo-des-Flora-GesundheitsZENTRUMs-WEB.png\" alt=\"Logo des Flora-Gesundheitszentrums Elmshorn\" width=\"170\" height=\"120\" \/><\/a><\/p>\n<p><strong>unabh\u00e4ngige Beschwerdestellen in Schleswig-Holstein<\/strong><\/p>\n<ul>\n<li><a href=\"http:\/\/lv-beschwerdestellen-sh.de\" target=\"_blank\">Landesverband der unabh\u00e4ngigen Beschwerdestellen in Schleswig-Holstein e. V.<\/a><\/li>\n<li><a href=\"http:\/\/www.beschwerdestelle-pinneberg.de\" target=\"_blank\">Beschwerdestelle Pinneberg e. V.<\/a><\/li>\n<li>weitere Infos zum unabh\u00e4ngigen Beschwerdewesen in der Psychiatrie beim <a href=\"http:\/\/www.beschwerde-psychiatrie.de\" target=\"_blank\">-&gt; Bundesnetzwerk unabh\u00e4ngiger Beschwerdestellen Psychiatrie<\/a>\u00a0&#8230;<\/li>\n<li>\u2026 oder in der umfassenden, von der <a href=\"http:\/\/www.dgsp-ev.de\" target=\"_blank\">-&gt; Deutschen Gesellschaft f\u00fcr soziale Psychiatrie e. V.<\/a> (DGSP) herausgegebenen Brosch\u00fcre <a href=\"http:\/\/www.beschwerde-psychiatrie.de\/download\/Ratgeber.pdf\" target=\"_blank\">-&gt; &#8222;Unabh\u00e4ngige Beschwerdestellen in der Psychiatrie &#8211; Ein Ratgeber&#8220;<\/a>.<\/li>\n<\/ul>\n<p><strong>Trialog<\/strong><\/p>\n<ul>\n<li><a title=\"Trialog Psychoseseminar\" href=\"http:\/\/www.trialog-psychoseseminar.de\/\" target=\"_blank\">\u00dcbersicht deutscher Psychose-Seminare<\/a><\/li>\n<\/ul>\n<p style=\"padding-left: 60px;\"><a href=\"http:\/\/www.trialog-psychoseseminar.de\/\" target=\"_blank\"><img loading=\"lazy\" decoding=\"async\" class=\"alignnone size-full wp-image-462\" style=\"border: 0px;\" src=\"http:\/\/www.trialog-psychoseseminar.de\/img\/logo.png\" alt=\"\" width=\"283\" height=\"58\" \/><\/a><\/p>\n<ul>\n<li><a href=\"http:\/\/www.trialoge-norddeutschland.de\/\" target=\"_blank\">Trialoge Norddeutschlands<br \/>\n<\/a><img loading=\"lazy\" decoding=\"async\" class=\"alignnone size-full wp-image-462\" style=\"border: 0px;\" src=\"http:\/\/www.trialoge-norddeutschland.de\/images\/logo.png\" alt=\"\" width=\"550\" height=\"120\" \/><\/li>\n<li><a href=\"http:\/\/www.borderlinetrialog.de\/\">Borderlinetrialog<\/a><\/li>\n<\/ul>\n<p style=\"padding-left: 60px;\">Trialogisches aus K\u00f6ln:<\/p>\n<ul>\n<li><a href=\"http:\/\/www.heim.sozialpsychiatrie.de\/?q=node\/12\" target=\"_blank\">Als Profi ins Psychose-Seminar? Blo\u00df nicht!<\/a><\/li>\n<li><a href=\"http:\/\/www.heim.sozialpsychiatrie.de\/?q=node\/13\" target=\"_blank\">Das Psychoseseminar (Eva Dorgeloh)<\/a><\/li>\n<li><a href=\"http:\/\/www.heim.sozialpsychiatrie.de\/?q=node\/15\" target=\"_blank\">Das K\u00f6lner Psychose-Forum (Susanne Heim)<\/a><\/li>\n<li><a href=\"http:\/\/www.heim.sozialpsychiatrie.de\/?q=node\/17\" target=\"_blank\">Aus dem Schatten treten (Heidelore Stankowski)<\/a><\/li>\n<\/ul>\n<ul>\n<li><strong><em>\u201eEs ist normal, verschieden zu sein!\u201c<\/em><\/strong> &#8211; Verst\u00e4ndnis und Behandlung von Psychosen. Erstellt im Dialog von Psychose-Erfahrenen, Angeh\u00f6rigen und Therapeuten \/ Wissenschaftlern in der AG Psychose-Seminare (\u201eBlaue Brosch\u00fcre\u201c; als PDF-Datei unter <a href=\"http:\/\/www.irremenschlich.de\/downloads\/blauebroschuere.pdf\" target=\"_blank\">http:\/\/www.irremenschlich.de\/downloads\/blauebroschuere.pdf<\/a> herunterzuladen).<\/li>\n<li>Materialien und Informationen \u00fcber <a title=\"www.dorothea-buck.de\" href=\"http:\/\/www.bpe-online.de\/buck\/index.htm\" target=\"_blank\">Dorothea Buck<\/a><\/li>\n<li>Film <a title=\"20 Jahre Trialog\" href=\"http:\/\/www.psychiatrie.de\/bibliothek\/filme\/article\/20_jahre_trialog.html\" target=\"_blank\">&#8222;<\/a><a href=\"http:\/\/www.paranus.de\/index.php?seite=buch-shop&amp;kategorie=2&amp;lfdnr=196\" target=\"_blank\">20 Jahre Trialog &#8211; Das Hamburger Psychoseseminar und seine Folgen&#8220;<\/a><\/li>\n<li><a title=\"Himmel und mehr\" href=\"http:\/\/www.himmelundmehr.de\/index.html\">Film &#8222;Himmel und mehr &#8211; Dorothea Buck auf der Spur&#8220;<\/a><\/li>\n<li>Film <a href=\"http:\/\/www.psychiatrie-verlag.de\/mediathek\/dvds\/book-detail\/raum-4070.html\" target=\"_blank\">&#8222;Raum 4070 &#8211; Psychosen verstehen&#8220;<\/a> (<a href=\"http:\/\/www.youtube.com\/watch?v=bY1i3W8CC5I\" target=\"_blank\">Trailer<\/a><\/li>\n<li>Magdeburger Thesen zur Trialogischen Psychiatrie<\/li>\n<li>Trialog Bielefeld: <a title=\"Trialog Texte Bielefeld\" href=\"http:\/\/www.psychiatrie-bielefeld.de\/trialog_barrierefrei\/texte_trialog\/zeitschriften_texte.htm\" target=\"_blank\">Ver\u00f6ffentlichungen zum Trialog<\/a><\/li>\n<li><a title=\"Denkanstoesse\" href=\"http:\/\/denkanstoesse.dgsp-ev.de\/?p=30\">Trialog? &#8211; noch lange nicht erreicht!<\/a> Denkanst\u00f6\u00dfe der Deutschen Gesellschaft f\u00fcr soziale Psychiatrie<\/li>\n<li>www.psychose.de: <a title=\"Die Bedeutung der subjektiven Sicht\" href=\"http:\/\/www.psychose.de\/trialog-01.html\" target=\"_blank\">Die Bedeutung der subjektiven Sicht<\/a><\/li>\n<li><a title=\"Trialogtagung 2011\" href=\"http:\/\/www.trialogtagung.de\" target=\"_blank\">Trialogtagung 2011 in M\u00fcnster<\/a><\/li>\n<li><a title=\"Diskussionsforum von B\u00fcndnis gegen Depression und Kompetenznetz Depression\" href=\"http:\/\/www.diskussionsforum-depression.de\/\" target=\"_blank\">Diskussionforum von B\u00fcndnis gegen Depression und Kompetenznetz Depression<\/a><\/li>\n<\/ul>\n<p><strong>Selbsthilfe und Verb\u00e4nde<\/strong><\/p>\n<ul>\n<li>Die zentrale Kontaktstelle f\u00fcr Selbsthilfe im Kreis Pinneberg (beim DRK-Kreisverband Pinneberg e. V.) ist Anlaufpunkt f\u00fcr eine Vielzahl an Aktivit\u00e4ten im Bereich der Selbsthilfe:\u00a0<a href=\"http:\/\/www.selbsthilfe-pinneberg.de\" target=\"_blank\">Webseite der ZKS im Kreis Pinneberg<\/a>. Regelm\u00e4\u00dfig gibt die ZKS einen <a href=\"http:\/\/www.drk-kreis-pinneberg.de\/fileadmin\/user_upload\/ZKS\/Selbsthilfewegweiser_2014_2015.pdf\" target=\"_blank\">-&gt; Selbsthilfef\u00fchrer<\/a> (hier: Ausgabe 2014-2015) f\u00fcr den Kreis heraus.<\/li>\n<li>F\u00fcr Elmshorn gibt es eine weitere Webseite, die aktuelle Informationen rund um das Thema Selbsthilfe und aktuelle Angebote in der Stadt bereit h\u00e4lt: <a href=\"http:\/\/www.selbsthilfe-elmshorn.de\" target=\"_blank\">www.selbsthilfe-elmshorn.de<\/a><\/li>\n<\/ul>\n<ul>\n<li>Angeh\u00f6rige von Menschen mit psychischen Erkrankungen finden Informationen und Angebote auf den Webseiten der Landesverb\u00e4nde der Angeh\u00f6rigen psychisch Kranker <a href=\"http:\/\/www.lapk-hamburg.de\" target=\"_blank\">-&gt; Hamburg<\/a> und \/ oder <a href=\"http:\/\/www.lvsh-afpk.de\" target=\"_blank\">-&gt;\u00a0Schleswig-Holstein<\/a>.<\/li>\n<\/ul>\n<ul>\n<li><a href=\"http:\/\/www.dgsp-sh.de\" target=\"_blank\">Deutsche Gesellschaft f\u00fcr Soziale Psychiatrie, Landesverband Schleswig-Holstein<\/a><\/li>\n<li><a title=\"Beschwerdestelle Psychiatrie\" href=\"http:\/\/www.beschwerde-psychiatrie.de\/\" target=\"_blank\">Beschwerdestelle Psychiatrie<\/a><\/li>\n<li><a href=\"http:\/\/www.psychiatrie.de\/familienselbsthilfe\/\" target=\"_blank\">Bundesverband der Angeh\u00f6rigen psychisch Kranker (BApK)<\/a><\/li>\n<li><a title=\"BPE\" href=\"http:\/\/www.bpe-online.de\/\" target=\"_blank\">Bundesverband Psychiatrie-Erfahrener e.V. (BPE)<\/a><\/li>\n<li><a title=\"SANE\" href=\"http:\/\/www.openthedoors.de\/de\/sane.php\" target=\"_blank\">SANE &#8211; Das internetbasierte Stigma-Alarm Netzwerk<\/a><\/li>\n<\/ul>\n<p><strong>Information<\/strong><\/p>\n<ul>\n<li><a href=\"http:\/\/www.psychenet.de\" target=\"_blank\">Hamburger Netz Psychische Gesundheit &#8211; Psychenet<\/a><\/li>\n<li><a href=\"http:\/\/www.psychose.de\" target=\"_blank\">www.psychose.de<\/a> &#8211; Informationsportal zu Psychosen und Bipolaren Erkrankungen<\/li>\n<\/ul>\n<p><strong>Beratungsangebote<\/strong><\/p>\n<ul>\n<li><a href=\"http:\/\/www.awo-sh.de\/de\/beratung-hilfe\/kreis-pinneberg\/item\/327-psychosoziale-beratung.html\" target=\"_blank\">Betroffenensprechstunde<\/a> der AWO in Pinneberg. Ein Gespr\u00e4chsangebot von Krisenerfahrenen Menschen (nicht nur) f\u00fcr akut von psychischen Beeintr\u00e4chtigungen betroffene Menschen. Hilfreich auch f\u00fcr Angeh\u00f6rige und Profis! Ein Infoflyer findet sich <a href=\"http:\/\/www.awo-sh.de\/images\/stories\/behindertenhilfe\/Begegnungsstaetten\/Flyer_Betroffenen_Sprechstunde_DIN_A5_Stand_07_08_2012.pdf\" target=\"_blank\">-&gt; hier<\/a>.<\/li>\n<\/ul>\n<p><strong>Pers\u00f6nliche Webseiten<\/strong><\/p>\n<ul>\n<li><a title=\"Mut zum Anderssein\" href=\"http:\/\/www.mut-zum-anderssein.de\/\" target=\"_blank\">Psychiatriekritische Gemeinschaftshomepage Kalle Pehe, Rosa und Wini<\/a><\/li>\n<li><a title=\"Gudrun T\u00f6nnes\" href=\"http:\/\/www.wirkoennenauch-anders.de\/index.html\" target=\"_blank\">wir koennen auch &#8211; anders von Gudrun T\u00f6nnes<\/a><\/li>\n<li><a href=\"http:\/\/www.asmus.finzen.ch\/\" target=\"_blank\">Prof. Dr. med. Asmus Finzen<\/a><\/li>\n<li><a title=\"Seelen\u00f6ffner\" href=\"http:\/\/www.seelen-oeffner.de\/\" target=\"_blank\">Seelen-\u00d6ffner &#8211; Webseite von Wolfgang M. Heuer<\/a><\/li>\n<li><a title=\"Sybille Prins\" href=\"http:\/\/www.sibylle-prins.de\/index.html\" target=\"_blank\">Sybille Prins<\/a><\/li>\n<li><a href=\"http:\/\/www.hilfe-depressionen.de\/\" target=\"_blank\">Gerda Gutberlet-Zerbe &#8222;Wege aus der Psychose&#8220;<\/a><\/li>\n<\/ul>\n<div id=\"_mcePaste\" class=\"mcePaste\" style=\"overflow: hidden; position: absolute; left: -10000px; top: 285px; width: 1px; height: 1px;\">\n<h2>Trialog? \u2013 Noch lange nicht erreicht!<\/h2>\n<\/div>\n<p>&nbsp;<\/p>\n","protected":false},"excerpt":{"rendered":"<p>Es gibt im Internet inzwischen vielf\u00e4ltige Informationsangebote zum Thema &#8222;Seelische Gesundheit&#8220; bzw. psychische Erkrankung. Ein ausf\u00fchrliches Portal zu diesem Thema ist das Psychiatrienetz. Die hier ver\u00f6ffentlichen Links konzentrieren sich auf die Themen Trialog bzw. Psychoseseminare, Selbsthilfe, (Fach-)Verb\u00e4nde, Beratungsangebote und Informationen. &hellip; <a href=\"https:\/\/psychose-seminar-elmshorn.de\/?page_id=13\">Weiterlesen <span class=\"meta-nav\">&rarr;<\/span><\/a><\/p>\n","protected":false},"author":1,"featured_media":0,"parent":0,"menu_order":5,"comment_status":"closed","ping_status":"closed","template":"sidebar-page.php","meta":{"footnotes":""},"class_list":["post-13","page","type-page","status-publish","hentry"],"_links":{"self":[{"href":"https:\/\/psychose-seminar-elmshorn.de\/index.php?rest_route=\/wp\/v2\/pages\/13","targetHints":{"allow":["GET"]}}],"collection":[{"href":"https:\/\/psychose-seminar-elmshorn.de\/index.php?rest_route=\/wp\/v2\/pages"}],"about":[{"href":"https:\/\/psychose-seminar-elmshorn.de\/index.php?rest_route=\/wp\/v2\/types\/page"}],"author":[{"embeddable":true,"href":"https:\/\/psychose-seminar-elmshorn.de\/index.php?rest_route=\/wp\/v2\/users\/1"}],"replies":[{"embeddable":true,"href":"https:\/\/psychose-seminar-elmshorn.de\/index.php?rest_route=%2Fwp%2Fv2%2Fcomments&post=13"}],"version-history":[{"count":27,"href":"https:\/\/psychose-seminar-elmshorn.de\/index.php?rest_route=\/wp\/v2\/pages\/13\/revisions"}],"predecessor-version":[{"id":782,"href":"https:\/\/psychose-seminar-elmshorn.de\/index.php?rest_route=\/wp\/v2\/pages\/13\/revisions\/782"}],"wp:attachment":[{"href":"https:\/\/psychose-seminar-elmshorn.de\/index.php?rest_route=%2Fwp%2Fv2%2Fmedia&parent=13"}],"curies":[{"name":"wp","href":"https:\/\/api.w.org\/{rel}","templated":true}]}}